{"id":5508,"date":"2025-11-25T09:04:22","date_gmt":"2025-11-25T09:04:22","guid":{"rendered":"https:\/\/breitenstrasse.ch\/?page_id=5508"},"modified":"2025-12-04T13:10:52","modified_gmt":"2025-12-04T13:10:52","slug":"news-copy","status":"publish","type":"page","link":"https:\/\/breitenstrasse.ch\/?page_id=5508","title":{"rendered":"Energie &#038; Technik"},"content":{"rendered":"<p><div class=\"fusion-fullwidth fullwidth-box fusion-builder-row-1 fusion-flex-container fusion-parallax-none nonhundred-percent-fullwidth non-hundred-percent-height-scrolling lazyload\" style=\"--link_hover_color: var(--awb-color5);--link_color: var(--awb-color5);--awb-border-color:var(--awb-color1);--awb-border-radius-top-left:0px;--awb-border-radius-top-right:0px;--awb-border-radius-bottom-right:0px;--awb-border-radius-bottom-left:0px;--awb-padding-top:80.13300000000001px;--awb-padding-bottom:0px;--awb-padding-top-small:70px;--awb-padding-right-small:0px;--awb-padding-bottom-small:70px;--awb-padding-left-small:0px;--awb-margin-top:0px;--awb-margin-bottom:34px;--awb-margin-bottom-medium:80px;--awb-margin-bottom-small:60px;--awb-min-height:calc(100vh - 300px);--awb-background-color:var(--awb-color8);--awb-background-size:cover;--awb-flex-wrap:wrap;\" data-bg=\"https:\/\/breitenstrasse.ch\/wp-content\/uploads\/2025\/11\/image001.png\" ><div class=\"fusion-builder-row fusion-row fusion-flex-align-items-center fusion-flex-content-wrap\" style=\"max-width:1216.8px;margin-left: calc(-4% \/ 2 );margin-right: calc(-4% \/ 2 );\"><div class=\"fusion-layout-column fusion_builder_column fusion-builder-column-0 fusion_builder_column_1_1 1_1 fusion-flex-column fusion-animated\" style=\"--awb-padding-bottom-medium:0px;--awb-bg-size:cover;--awb-width-large:100%;--awb-margin-top-large:0px;--awb-spacing-right-large:1.92%;--awb-margin-bottom-large:85px;--awb-spacing-left-large:1.92%;--awb-width-medium:100%;--awb-order-medium:0;--awb-spacing-right-medium:1.92%;--awb-spacing-left-medium:1.92%;--awb-width-small:100%;--awb-order-small:0;--awb-spacing-right-small:1.92%;--awb-spacing-left-small:1.92%;\" data-animationType=\"fadeInUp\" data-animationDuration=\"1.3\" data-animationOffset=\"top-into-view\"><div class=\"fusion-column-wrapper fusion-column-has-shadow fusion-flex-justify-content-flex-start fusion-content-layout-column\"><div class=\"fusion-title title fusion-title-1 fusion-title-center fusion-title-text fusion-title-size-one fusion-animated\" style=\"--awb-text-color:var(--awb-color8);--awb-margin-right:15%;--awb-margin-left:15%;--awb-margin-top-small:10px;--awb-margin-right-small:0px;--awb-margin-bottom-small:10px;--awb-margin-left-small:0px;--awb-font-size:3em;\" data-animationType=\"fadeInLeft\" data-animationDuration=\"0.9\" data-animationOffset=\"top-into-view\"><div class=\"title-sep-container title-sep-container-left\"><div class=\"title-sep sep- sep-solid\" style=\"border-color:var(--awb-color3);\"><\/div><\/div><span class=\"awb-title-spacer\"><\/span><h1 class=\"fusion-title-heading title-heading-center fusion-responsive-typography-calculated\" style=\"margin:0;text-transform:none;font-size:1em;--fontSize:66;line-height:1.56;text-shadow:0px 0px 21px rgba(0,0,0,0.78);\">Energie &amp; Technik \u2013 \u00f6kologisch gedacht, intelligent gel\u00f6st<\/p>\n<div class=\"notranslate\" style=\"all: initial;\"><\/div><\/h1><span class=\"awb-title-spacer\"><\/span><div class=\"title-sep-container title-sep-container-right\"><div class=\"title-sep sep- sep-solid\" style=\"border-color:var(--awb-color3);\"><\/div><\/div><\/div><div class=\"fusion-text fusion-text-1 fusion-text-no-margin\" style=\"--awb-content-alignment:center;--awb-font-size:22px;--awb-line-height:38px;--awb-text-color:var(--awb-color8);--awb-margin-right:15%;--awb-margin-left:15%;\"><h2 class=\"fusion-responsive-typography-calculated\" style=\"--fontsize: 42; text-shadow: 0px 0px 21px rgba(0,0,0,0.78); line-height: var(--awb-typography1-line-height); font-size: 42px;\" data-fontsize=\"42\" data-lineheight=\"56.7px\"><span style=\"color: var(--awb-color8);\">Holzbau, Minergie-A, Sonnenstrom, Speicher und W\u00e4rmepumpen: Der Energieverbund der Breitenstrasse 8 setzt auf erneuerbare Ressourcen und moderne Technik.<\/span><\/h2>\n<\/div><\/div><\/div><div class=\"fusion-layout-column fusion_builder_column fusion-builder-column-1 fusion_builder_column_1_1 1_1 fusion-flex-column fusion-flex-align-self-flex-end fusion-no-small-visibility\" style=\"--awb-padding-bottom-medium:0px;--awb-bg-size:cover;--awb-width-large:100%;--awb-margin-top-large:0px;--awb-spacing-right-large:1.92%;--awb-margin-bottom-large:0px;--awb-spacing-left-large:1.92%;--awb-width-medium:100%;--awb-order-medium:0;--awb-spacing-right-medium:1.92%;--awb-spacing-left-medium:1.92%;--awb-width-small:100%;--awb-order-small:0;--awb-spacing-right-small:1.92%;--awb-spacing-left-small:1.92%;\"><div class=\"fusion-column-wrapper fusion-column-has-shadow fusion-flex-justify-content-center fusion-content-layout-row\"><div class=\"fusion-section-separator section-separator bigtriangle fusion-section-separator-1\" style=\"--awb-spacer-height:80px;--awb-svg-margin-left:1.92%;--awb-svg-margin-right:1.92%;--awb-svg-margin-left-medium:1.92%;--awb-svg-margin-right-medium:1.92%;--awb-svg-margin-left-small:1.92%;--awb-svg-margin-right-small:1.92%;--awb-divider-height:80px;--awb-spacer-padding-top:inherit;--awb-sep-padding:0;--awb-svg-padding:0;\"><div class=\"fusion-section-separator-svg\"><svg class=\"fusion-big-triangle-candy\" xmlns=\"http:\/\/www.w3.org\/2000\/svg\" version=\"1.1\" width=\"100%\" height=\"100\" viewBox=\"0 0 100 100\" preserveAspectRatio=\"none\" fill=\"rgba(255,255,255,1)\"><path d=\"M0 100 L50 2 L100 100 Z\"><\/path><\/svg><\/div><div class=\"fusion-section-separator-spacer\"><div class=\"fusion-section-separator-spacer-height\"><\/div><\/div><\/div><\/div><\/div><\/div><\/div><div class=\"fusion-fullwidth fullwidth-box fusion-builder-row-2 fusion-flex-container has-pattern-background has-mask-background nonhundred-percent-fullwidth non-hundred-percent-height-scrolling\" style=\"--awb-border-radius-top-left:0px;--awb-border-radius-top-right:0px;--awb-border-radius-bottom-right:0px;--awb-border-radius-bottom-left:0px;--awb-margin-top:76px;--awb-margin-bottom:76px;--awb-flex-wrap:wrap;\" ><div class=\"fusion-builder-row fusion-row fusion-flex-align-items-flex-start fusion-flex-content-wrap\" style=\"max-width:1216.8px;margin-left: calc(-4% \/ 2 );margin-right: calc(-4% \/ 2 );\"><div class=\"fusion-layout-column fusion_builder_column fusion-builder-column-2 fusion_builder_column_1_1 1_1 fusion-flex-column\" style=\"--awb-bg-size:cover;--awb-width-large:100%;--awb-margin-top-large:76px;--awb-spacing-right-large:1.92%;--awb-margin-bottom-large:74px;--awb-spacing-left-large:1.92%;--awb-width-medium:100%;--awb-order-medium:0;--awb-spacing-right-medium:1.92%;--awb-spacing-left-medium:1.92%;--awb-width-small:100%;--awb-order-small:0;--awb-spacing-right-small:1.92%;--awb-spacing-left-small:1.92%;\"><div class=\"fusion-column-wrapper fusion-column-has-shadow fusion-flex-justify-content-flex-start fusion-content-layout-column\"><div class=\"fusion-text fusion-text-2\"><h2 style=\"text-align: center;\">Energie &amp; Technik<\/h2>\n<p><strong>Energiekonzept<\/strong><\/p>\n<p>Das Haus an der Breitenstrasse 8 wird in nachhaltiger Holzbauweise erstellt und erf\u00fcllt den Minergie-A-Standard. Im Zentrum steht ein konsequent \u00f6kologisches Energiekonzept, das auf erneuerbare Ressourcen setzt.<\/p>\n<p>Eine grossz\u00fcgige Photovoltaikanlage auf dem Dach produziert Strom direkt vor Ort. Batteriespeicher erh\u00f6hen den Eigenverbrauchsanteil und machen die Liegenschaft im Alltag zu einem St\u00fcck weit eigenversorgt. Reversible W\u00e4rmepumpen \u00fcbernehmen die W\u00e4rmeversorgung im Winter und die K\u00fchlung im Sommer \u2013 effizient, elektrisch betrieben und ohne fossile Brennstoffe.<\/p>\n<p>&nbsp;<\/p>\n<p><strong>Technik, die im Hintergrund l\u00e4uft<\/strong><\/p>\n<p>Der Energieverbund ist so geplant, dass er im Alltag unaufdringlich funktioniert: Die Regelung koordiniert Heizen, K\u00fchlen, Speicher und PV-Ertrag im Hintergrund. F\u00fcr die Bewohnerinnen und Bewohner entsteht daraus ein angenehmes Raumklima \u2013 ohne dass sie sich aktiv um die Technik k\u00fcmmern m\u00fcssen.<\/p>\n<p>Ein besonderes Augenmerk liegt auf Versorgungssicherheit:<\/p>\n<p>Bestandteile des Systems sind so ausgelegt, dass bei einem Stromunterbruch wesentliche Funktionen weiterbetrieben werden k\u00f6nnen. Erg\u00e4nzt wird das Konzept durch Ladeinfrastruktur f\u00fcr Elektrofahrzeuge bei den Parkpl\u00e4tzen, sodass auch die Mobilit\u00e4t Schritt f\u00fcr Schritt nachhaltiger gestaltet werden kann.<\/p>\n<p>&nbsp;<\/p>\n<\/div><\/div><\/div><\/div><\/div><\/p>\n","protected":false},"excerpt":{"rendered":"","protected":false},"author":1,"featured_media":5333,"parent":0,"menu_order":0,"comment_status":"closed","ping_status":"closed","template":"100-width.php","meta":{"footnotes":""},"class_list":["post-5508","page","type-page","status-publish","has-post-thumbnail","hentry"],"_links":{"self":[{"href":"https:\/\/breitenstrasse.ch\/index.php?rest_route=\/wp\/v2\/pages\/5508","targetHints":{"allow":["GET"]}}],"collection":[{"href":"https:\/\/breitenstrasse.ch\/index.php?rest_route=\/wp\/v2\/pages"}],"about":[{"href":"https:\/\/breitenstrasse.ch\/index.php?rest_route=\/wp\/v2\/types\/page"}],"author":[{"embeddable":true,"href":"https:\/\/breitenstrasse.ch\/index.php?rest_route=\/wp\/v2\/users\/1"}],"replies":[{"embeddable":true,"href":"https:\/\/breitenstrasse.ch\/index.php?rest_route=%2Fwp%2Fv2%2Fcomments&post=5508"}],"version-history":[{"count":9,"href":"https:\/\/breitenstrasse.ch\/index.php?rest_route=\/wp\/v2\/pages\/5508\/revisions"}],"predecessor-version":[{"id":5686,"href":"https:\/\/breitenstrasse.ch\/index.php?rest_route=\/wp\/v2\/pages\/5508\/revisions\/5686"}],"wp:featuredmedia":[{"embeddable":true,"href":"https:\/\/breitenstrasse.ch\/index.php?rest_route=\/wp\/v2\/media\/5333"}],"wp:attachment":[{"href":"https:\/\/breitenstrasse.ch\/index.php?rest_route=%2Fwp%2Fv2%2Fmedia&parent=5508"}],"curies":[{"name":"wp","href":"https:\/\/api.w.org\/{rel}","templated":true}]}}