{"id":4138,"date":"2021-11-16T16:57:37","date_gmt":"2021-11-16T16:57:37","guid":{"rendered":"https:\/\/avadawebsites.wpengine.com\/classic\/?page_id=4138"},"modified":"2025-12-04T13:12:46","modified_gmt":"2025-12-04T13:12:46","slug":"contact-us","status":"publish","type":"page","link":"https:\/\/breitenstrasse.ch\/?page_id=4138","title":{"rendered":"Impressionen"},"content":{"rendered":"<p><div class=\"fusion-fullwidth fullwidth-box fusion-builder-row-1 fusion-flex-container fusion-parallax-none nonhundred-percent-fullwidth non-hundred-percent-height-scrolling lazyload\" style=\"--link_hover_color: var(--awb-color5);--link_color: var(--awb-color5);--awb-border-color:var(--awb-color1);--awb-border-radius-top-left:0px;--awb-border-radius-top-right:0px;--awb-border-radius-bottom-right:0px;--awb-border-radius-bottom-left:0px;--awb-padding-top:80.13300000000001px;--awb-padding-bottom:0px;--awb-padding-top-small:70px;--awb-padding-right-small:40px;--awb-padding-bottom-small:70px;--awb-padding-left-small:40px;--awb-margin-top:0px;--awb-margin-bottom:34px;--awb-margin-bottom-medium:80px;--awb-margin-bottom-small:60px;--awb-min-height:calc(100vh - 300px);--awb-background-color:var(--awb-color8);--awb-background-size:cover;--awb-flex-wrap:wrap;\" data-bg=\"https:\/\/breitenstrasse.ch\/wp-content\/uploads\/2025\/11\/Breitenstrasse_Aussen-1_02-scaled.jpg\" ><div class=\"fusion-builder-row fusion-row fusion-flex-align-items-center fusion-flex-content-wrap\" style=\"max-width:1216.8px;margin-left: calc(-4% \/ 2 );margin-right: calc(-4% \/ 2 );\"><div class=\"fusion-layout-column fusion_builder_column fusion-builder-column-0 fusion_builder_column_1_1 1_1 fusion-flex-column fusion-flex-align-self-flex-end fusion-no-small-visibility\" style=\"--awb-padding-bottom-medium:0px;--awb-bg-size:cover;--awb-width-large:100%;--awb-margin-top-large:0px;--awb-spacing-right-large:1.92%;--awb-margin-bottom-large:0px;--awb-spacing-left-large:1.92%;--awb-width-medium:100%;--awb-order-medium:0;--awb-spacing-right-medium:1.92%;--awb-spacing-left-medium:1.92%;--awb-width-small:100%;--awb-order-small:0;--awb-spacing-right-small:1.92%;--awb-spacing-left-small:1.92%;\"><div class=\"fusion-column-wrapper fusion-column-has-shadow fusion-flex-justify-content-center fusion-content-layout-row\"><div class=\"fusion-section-separator section-separator bigtriangle fusion-section-separator-1\" style=\"--awb-spacer-height:80px;--awb-svg-margin-left:1.92%;--awb-svg-margin-right:1.92%;--awb-svg-margin-left-medium:1.92%;--awb-svg-margin-right-medium:1.92%;--awb-svg-margin-left-small:1.92%;--awb-svg-margin-right-small:1.92%;--awb-divider-height:80px;--awb-spacer-padding-top:inherit;--awb-sep-padding:0;--awb-svg-padding:0;\"><div class=\"fusion-section-separator-svg\"><svg class=\"fusion-big-triangle-candy\" xmlns=\"http:\/\/www.w3.org\/2000\/svg\" version=\"1.1\" width=\"100%\" height=\"100\" viewBox=\"0 0 100 100\" preserveAspectRatio=\"none\" fill=\"rgba(255,255,255,1)\"><path d=\"M0 100 L50 2 L100 100 Z\"><\/path><\/svg><\/div><div class=\"fusion-section-separator-spacer\"><div class=\"fusion-section-separator-spacer-height\"><\/div><\/div><\/div><\/div><\/div><\/div><\/div><div class=\"fusion-fullwidth fullwidth-box fusion-builder-row-2 fusion-flex-container has-pattern-background has-mask-background nonhundred-percent-fullwidth non-hundred-percent-height-scrolling\" style=\"--awb-border-radius-top-left:0px;--awb-border-radius-top-right:0px;--awb-border-radius-bottom-right:0px;--awb-border-radius-bottom-left:0px;--awb-flex-wrap:wrap;\" ><div class=\"fusion-builder-row fusion-row fusion-flex-align-items-flex-start fusion-flex-content-wrap\" style=\"max-width:1216.8px;margin-left: calc(-4% \/ 2 );margin-right: calc(-4% \/ 2 );\"><div class=\"fusion-layout-column fusion_builder_column fusion-builder-column-1 fusion_builder_column_1_1 1_1 fusion-flex-column\" style=\"--awb-padding-top:100px;--awb-padding-bottom:100px;--awb-padding-top-small:0px;--awb-padding-bottom-small:0px;--awb-bg-size:cover;--awb-width-large:100%;--awb-margin-top-large:0px;--awb-spacing-right-large:1.92%;--awb-margin-bottom-large:20px;--awb-spacing-left-large:1.92%;--awb-width-medium:100%;--awb-order-medium:0;--awb-spacing-right-medium:1.92%;--awb-spacing-left-medium:1.92%;--awb-width-small:100%;--awb-order-small:0;--awb-spacing-right-small:1.92%;--awb-spacing-left-small:1.92%;\"><div class=\"fusion-column-wrapper fusion-column-has-shadow fusion-flex-justify-content-flex-start fusion-content-layout-column\"><div class=\"fusion-text fusion-text-1\"><h2 class=\"fusion-responsive-typography-calculated\" style=\"text-align: center; --fontsize: 42; line-height: 1.35;\" data-fontsize=\"42\" data-lineheight=\"56.7px\">Impressionen<\/h2>\n<p>Lassen Sie die Bilder auf sich wirken.<br \/>Visualisierungen und Aufnahmen geben einen ersten Eindruck von der Architektur, dem Holzbau und der Atmosph\u00e4re an der Breitenstrasse 8.<\/p>\n<p>Helle R\u00e4ume, sorgf\u00e4ltig gew\u00e4hlte Materialien und der Bezug zur Umgebung zeigen, wof\u00fcr dieses Haus steht: \u00f6kologisches Wohnen mit hoher Gestaltungsqualit\u00e4t. Die Impressionen sollen Vorfreude wecken \u2013 auf ein Zuhause, in dem man gerne ankommt, lebt und bleibt.<\/p>\n<p>&nbsp;<\/p>\n<p>Die gezeigten Bilder sind Visualisierungen (computergeneriert) und k\u00f6nnen von der sp\u00e4teren Ausf\u00fchrung leicht abweichen.<\/p>\n<p>&nbsp;<\/p>\n<\/div><\/div><\/div><\/div><\/div><div class=\"fusion-fullwidth fullwidth-box fusion-builder-row-3 fusion-flex-container has-pattern-background has-mask-background nonhundred-percent-fullwidth non-hundred-percent-height-scrolling\" style=\"--awb-border-radius-top-left:0px;--awb-border-radius-top-right:0px;--awb-border-radius-bottom-right:0px;--awb-border-radius-bottom-left:0px;--awb-margin-bottom:144px;--awb-flex-wrap:wrap;\" ><div class=\"fusion-builder-row fusion-row fusion-flex-align-items-flex-start fusion-flex-content-wrap\" style=\"max-width:1216.8px;margin-left: calc(-4% \/ 2 );margin-right: calc(-4% \/ 2 );\"><div class=\"fusion-layout-column fusion_builder_column fusion-builder-column-2 fusion_builder_column_1_1 1_1 fusion-flex-column\" style=\"--awb-bg-size:cover;--awb-width-large:100%;--awb-margin-top-large:0px;--awb-spacing-right-large:1.92%;--awb-margin-bottom-large:20px;--awb-spacing-left-large:1.92%;--awb-width-medium:100%;--awb-order-medium:0;--awb-spacing-right-medium:1.92%;--awb-spacing-left-medium:1.92%;--awb-width-small:100%;--awb-order-small:0;--awb-spacing-right-small:1.92%;--awb-spacing-left-small:1.92%;\"><div class=\"fusion-column-wrapper fusion-column-has-shadow fusion-flex-justify-content-flex-start fusion-content-layout-column\"><div class=\"awb-gallery-wrapper awb-gallery-wrapper-1 button-span-no\" style=\"--more-btn-alignment:center;\"><div style=\"margin:-5px;--awb-bordersize:0px;\" class=\"fusion-gallery fusion-gallery-container fusion-grid-3 fusion-columns-total-8 fusion-gallery-layout-grid fusion-gallery-1\"><div style=\"padding:5px;\" class=\"fusion-grid-column fusion-gallery-column fusion-gallery-column-3 hover-type-none\"><div class=\"fusion-gallery-image\"><a href=\"https:\/\/breitenstrasse.ch\/wp-content\/uploads\/2025\/11\/Breitenstrasse_Aussen-2_02-scaled.jpg\" rel=\"noreferrer\" data-rel=\"iLightbox[gallery_image_1]\" class=\"fusion-lightbox\" target=\"_self\"><img decoding=\"async\" src=\"https:\/\/breitenstrasse.ch\/wp-content\/uploads\/2025\/11\/Breitenstrasse_Aussen-2_02-scaled.jpg\" data-orig-src=\"https:\/\/breitenstrasse.ch\/wp-content\/uploads\/2025\/11\/Breitenstrasse_Aussen-2_02-scaled.jpg\" width=\"2560\" height=\"1707\" alt=\"\" title=\"Breitenstrasse_Aussen-2_02\" aria-label=\"Breitenstrasse_Aussen-2_02\" class=\"lazyload img-responsive wp-image-5410\" srcset=\"data:image\/svg+xml,%3Csvg%20xmlns%3D%27http%3A%2F%2Fwww.w3.org%2F2000%2Fsvg%27%20width%3D%272560%27%20height%3D%271707%27%20viewBox%3D%270%200%202560%201707%27%3E%3Crect%20width%3D%272560%27%20height%3D%271707%27%20fill-opacity%3D%220%22%2F%3E%3C%2Fsvg%3E\" data-srcset=\"https:\/\/breitenstrasse.ch\/wp-content\/uploads\/2025\/11\/Breitenstrasse_Aussen-2_02-200x133.jpg 200w, https:\/\/breitenstrasse.ch\/wp-content\/uploads\/2025\/11\/Breitenstrasse_Aussen-2_02-400x267.jpg 400w, https:\/\/breitenstrasse.ch\/wp-content\/uploads\/2025\/11\/Breitenstrasse_Aussen-2_02-600x400.jpg 600w, https:\/\/breitenstrasse.ch\/wp-content\/uploads\/2025\/11\/Breitenstrasse_Aussen-2_02-800x533.jpg 800w, https:\/\/breitenstrasse.ch\/wp-content\/uploads\/2025\/11\/Breitenstrasse_Aussen-2_02-1200x800.jpg 1200w, https:\/\/breitenstrasse.ch\/wp-content\/uploads\/2025\/11\/Breitenstrasse_Aussen-2_02-scaled.jpg 2560w\" data-sizes=\"auto\" data-orig-sizes=\"(min-width: 2200px) 100vw, (min-width: 824px) 387px, (min-width: 732px) 580px, (min-width: 640px) 732px, \" \/><\/a><\/div><\/div><div style=\"padding:5px;\" class=\"fusion-grid-column fusion-gallery-column fusion-gallery-column-3 hover-type-none\"><div class=\"fusion-gallery-image\"><a href=\"https:\/\/breitenstrasse.ch\/wp-content\/uploads\/2025\/11\/Breitenstrasse_Aussen-1_02-scaled.jpg\" rel=\"noreferrer\" data-rel=\"iLightbox[gallery_image_1]\" class=\"fusion-lightbox\" target=\"_self\"><img decoding=\"async\" src=\"https:\/\/breitenstrasse.ch\/wp-content\/uploads\/2025\/11\/Breitenstrasse_Aussen-1_02-scaled.jpg\" data-orig-src=\"https:\/\/breitenstrasse.ch\/wp-content\/uploads\/2025\/11\/Breitenstrasse_Aussen-1_02-scaled.jpg\" width=\"2560\" height=\"1707\" alt=\"\" title=\"Breitenstrasse_Aussen-1_02\" aria-label=\"Breitenstrasse_Aussen-1_02\" class=\"lazyload img-responsive wp-image-5409\" srcset=\"data:image\/svg+xml,%3Csvg%20xmlns%3D%27http%3A%2F%2Fwww.w3.org%2F2000%2Fsvg%27%20width%3D%272560%27%20height%3D%271707%27%20viewBox%3D%270%200%202560%201707%27%3E%3Crect%20width%3D%272560%27%20height%3D%271707%27%20fill-opacity%3D%220%22%2F%3E%3C%2Fsvg%3E\" data-srcset=\"https:\/\/breitenstrasse.ch\/wp-content\/uploads\/2025\/11\/Breitenstrasse_Aussen-1_02-200x133.jpg 200w, https:\/\/breitenstrasse.ch\/wp-content\/uploads\/2025\/11\/Breitenstrasse_Aussen-1_02-400x267.jpg 400w, https:\/\/breitenstrasse.ch\/wp-content\/uploads\/2025\/11\/Breitenstrasse_Aussen-1_02-600x400.jpg 600w, https:\/\/breitenstrasse.ch\/wp-content\/uploads\/2025\/11\/Breitenstrasse_Aussen-1_02-800x533.jpg 800w, https:\/\/breitenstrasse.ch\/wp-content\/uploads\/2025\/11\/Breitenstrasse_Aussen-1_02-1200x800.jpg 1200w, https:\/\/breitenstrasse.ch\/wp-content\/uploads\/2025\/11\/Breitenstrasse_Aussen-1_02-scaled.jpg 2560w\" data-sizes=\"auto\" data-orig-sizes=\"(min-width: 2200px) 100vw, (min-width: 824px) 387px, (min-width: 732px) 580px, (min-width: 640px) 732px, \" \/><\/a><\/div><\/div><div style=\"padding:5px;\" class=\"fusion-grid-column fusion-gallery-column fusion-gallery-column-3 hover-type-none\"><div class=\"fusion-gallery-image\"><a href=\"https:\/\/breitenstrasse.ch\/wp-content\/uploads\/2025\/11\/Breitenstrasse_EG-02_02-scaled.jpg\" rel=\"noreferrer\" data-rel=\"iLightbox[gallery_image_1]\" class=\"fusion-lightbox\" target=\"_self\"><img decoding=\"async\" src=\"https:\/\/breitenstrasse.ch\/wp-content\/uploads\/2025\/11\/Breitenstrasse_EG-02_02-scaled.jpg\" data-orig-src=\"https:\/\/breitenstrasse.ch\/wp-content\/uploads\/2025\/11\/Breitenstrasse_EG-02_02-scaled.jpg\" width=\"2560\" height=\"1707\" alt=\"\" title=\"Breitenstrasse_EG-02_02\" aria-label=\"Breitenstrasse_EG-02_02\" class=\"lazyload img-responsive wp-image-5408\" srcset=\"data:image\/svg+xml,%3Csvg%20xmlns%3D%27http%3A%2F%2Fwww.w3.org%2F2000%2Fsvg%27%20width%3D%272560%27%20height%3D%271707%27%20viewBox%3D%270%200%202560%201707%27%3E%3Crect%20width%3D%272560%27%20height%3D%271707%27%20fill-opacity%3D%220%22%2F%3E%3C%2Fsvg%3E\" data-srcset=\"https:\/\/breitenstrasse.ch\/wp-content\/uploads\/2025\/11\/Breitenstrasse_EG-02_02-200x133.jpg 200w, https:\/\/breitenstrasse.ch\/wp-content\/uploads\/2025\/11\/Breitenstrasse_EG-02_02-400x267.jpg 400w, https:\/\/breitenstrasse.ch\/wp-content\/uploads\/2025\/11\/Breitenstrasse_EG-02_02-600x400.jpg 600w, https:\/\/breitenstrasse.ch\/wp-content\/uploads\/2025\/11\/Breitenstrasse_EG-02_02-800x533.jpg 800w, https:\/\/breitenstrasse.ch\/wp-content\/uploads\/2025\/11\/Breitenstrasse_EG-02_02-1200x800.jpg 1200w, https:\/\/breitenstrasse.ch\/wp-content\/uploads\/2025\/11\/Breitenstrasse_EG-02_02-scaled.jpg 2560w\" data-sizes=\"auto\" data-orig-sizes=\"(min-width: 2200px) 100vw, (min-width: 824px) 387px, (min-width: 732px) 580px, (min-width: 640px) 732px, \" \/><\/a><\/div><\/div><div class=\"clearfix\"><\/div><div style=\"padding:5px;\" class=\"fusion-grid-column fusion-gallery-column fusion-gallery-column-3 hover-type-none\"><div class=\"fusion-gallery-image\"><a href=\"https:\/\/breitenstrasse.ch\/wp-content\/uploads\/2025\/11\/Breitenstrasse_OG-02_01-scaled.jpg\" rel=\"noreferrer\" data-rel=\"iLightbox[gallery_image_1]\" class=\"fusion-lightbox\" target=\"_self\"><img decoding=\"async\" src=\"https:\/\/breitenstrasse.ch\/wp-content\/uploads\/2025\/11\/Breitenstrasse_OG-02_01-scaled.jpg\" data-orig-src=\"https:\/\/breitenstrasse.ch\/wp-content\/uploads\/2025\/11\/Breitenstrasse_OG-02_01-scaled.jpg\" width=\"2560\" height=\"1707\" alt=\"\" title=\"Breitenstrasse_OG-02_01\" aria-label=\"Breitenstrasse_OG-02_01\" class=\"lazyload img-responsive wp-image-5407\" srcset=\"data:image\/svg+xml,%3Csvg%20xmlns%3D%27http%3A%2F%2Fwww.w3.org%2F2000%2Fsvg%27%20width%3D%272560%27%20height%3D%271707%27%20viewBox%3D%270%200%202560%201707%27%3E%3Crect%20width%3D%272560%27%20height%3D%271707%27%20fill-opacity%3D%220%22%2F%3E%3C%2Fsvg%3E\" data-srcset=\"https:\/\/breitenstrasse.ch\/wp-content\/uploads\/2025\/11\/Breitenstrasse_OG-02_01-200x133.jpg 200w, https:\/\/breitenstrasse.ch\/wp-content\/uploads\/2025\/11\/Breitenstrasse_OG-02_01-400x267.jpg 400w, https:\/\/breitenstrasse.ch\/wp-content\/uploads\/2025\/11\/Breitenstrasse_OG-02_01-600x400.jpg 600w, https:\/\/breitenstrasse.ch\/wp-content\/uploads\/2025\/11\/Breitenstrasse_OG-02_01-800x533.jpg 800w, https:\/\/breitenstrasse.ch\/wp-content\/uploads\/2025\/11\/Breitenstrasse_OG-02_01-1200x800.jpg 1200w, https:\/\/breitenstrasse.ch\/wp-content\/uploads\/2025\/11\/Breitenstrasse_OG-02_01-scaled.jpg 2560w\" data-sizes=\"auto\" data-orig-sizes=\"(min-width: 2200px) 100vw, (min-width: 824px) 387px, (min-width: 732px) 580px, (min-width: 640px) 732px, \" \/><\/a><\/div><\/div><div style=\"padding:5px;\" class=\"fusion-grid-column fusion-gallery-column fusion-gallery-column-3 hover-type-none\"><div class=\"fusion-gallery-image\"><a href=\"https:\/\/breitenstrasse.ch\/wp-content\/uploads\/2025\/11\/Breitenstrasse_EG-01_03-scaled.jpg\" rel=\"noreferrer\" data-rel=\"iLightbox[gallery_image_1]\" class=\"fusion-lightbox\" target=\"_self\"><img decoding=\"async\" src=\"https:\/\/breitenstrasse.ch\/wp-content\/uploads\/2025\/11\/Breitenstrasse_EG-01_03-scaled.jpg\" data-orig-src=\"https:\/\/breitenstrasse.ch\/wp-content\/uploads\/2025\/11\/Breitenstrasse_EG-01_03-scaled.jpg\" width=\"2560\" height=\"1707\" alt=\"\" title=\"Breitenstrasse_EG-01_03\" aria-label=\"Breitenstrasse_EG-01_03\" class=\"lazyload img-responsive wp-image-5406\" srcset=\"data:image\/svg+xml,%3Csvg%20xmlns%3D%27http%3A%2F%2Fwww.w3.org%2F2000%2Fsvg%27%20width%3D%272560%27%20height%3D%271707%27%20viewBox%3D%270%200%202560%201707%27%3E%3Crect%20width%3D%272560%27%20height%3D%271707%27%20fill-opacity%3D%220%22%2F%3E%3C%2Fsvg%3E\" data-srcset=\"https:\/\/breitenstrasse.ch\/wp-content\/uploads\/2025\/11\/Breitenstrasse_EG-01_03-200x133.jpg 200w, https:\/\/breitenstrasse.ch\/wp-content\/uploads\/2025\/11\/Breitenstrasse_EG-01_03-400x267.jpg 400w, https:\/\/breitenstrasse.ch\/wp-content\/uploads\/2025\/11\/Breitenstrasse_EG-01_03-600x400.jpg 600w, https:\/\/breitenstrasse.ch\/wp-content\/uploads\/2025\/11\/Breitenstrasse_EG-01_03-800x533.jpg 800w, https:\/\/breitenstrasse.ch\/wp-content\/uploads\/2025\/11\/Breitenstrasse_EG-01_03-1200x800.jpg 1200w, https:\/\/breitenstrasse.ch\/wp-content\/uploads\/2025\/11\/Breitenstrasse_EG-01_03-scaled.jpg 2560w\" data-sizes=\"auto\" data-orig-sizes=\"(min-width: 2200px) 100vw, (min-width: 824px) 387px, (min-width: 732px) 580px, (min-width: 640px) 732px, \" \/><\/a><\/div><\/div><div style=\"padding:5px;\" class=\"fusion-grid-column fusion-gallery-column fusion-gallery-column-3 hover-type-none\"><div class=\"fusion-gallery-image\"><a href=\"https:\/\/breitenstrasse.ch\/wp-content\/uploads\/2025\/11\/Breitenstrasse_DG-01_01-scaled.jpg\" rel=\"noreferrer\" data-rel=\"iLightbox[gallery_image_1]\" class=\"fusion-lightbox\" target=\"_self\"><img decoding=\"async\" src=\"https:\/\/breitenstrasse.ch\/wp-content\/uploads\/2025\/11\/Breitenstrasse_DG-01_01-scaled.jpg\" data-orig-src=\"https:\/\/breitenstrasse.ch\/wp-content\/uploads\/2025\/11\/Breitenstrasse_DG-01_01-scaled.jpg\" width=\"2560\" height=\"1707\" alt=\"\" title=\"Breitenstrasse_DG-01_01\" aria-label=\"Breitenstrasse_DG-01_01\" class=\"lazyload img-responsive wp-image-5405\" srcset=\"data:image\/svg+xml,%3Csvg%20xmlns%3D%27http%3A%2F%2Fwww.w3.org%2F2000%2Fsvg%27%20width%3D%272560%27%20height%3D%271707%27%20viewBox%3D%270%200%202560%201707%27%3E%3Crect%20width%3D%272560%27%20height%3D%271707%27%20fill-opacity%3D%220%22%2F%3E%3C%2Fsvg%3E\" data-srcset=\"https:\/\/breitenstrasse.ch\/wp-content\/uploads\/2025\/11\/Breitenstrasse_DG-01_01-200x133.jpg 200w, https:\/\/breitenstrasse.ch\/wp-content\/uploads\/2025\/11\/Breitenstrasse_DG-01_01-400x267.jpg 400w, https:\/\/breitenstrasse.ch\/wp-content\/uploads\/2025\/11\/Breitenstrasse_DG-01_01-600x400.jpg 600w, https:\/\/breitenstrasse.ch\/wp-content\/uploads\/2025\/11\/Breitenstrasse_DG-01_01-800x533.jpg 800w, https:\/\/breitenstrasse.ch\/wp-content\/uploads\/2025\/11\/Breitenstrasse_DG-01_01-1200x800.jpg 1200w, https:\/\/breitenstrasse.ch\/wp-content\/uploads\/2025\/11\/Breitenstrasse_DG-01_01-scaled.jpg 2560w\" data-sizes=\"auto\" data-orig-sizes=\"(min-width: 2200px) 100vw, (min-width: 824px) 387px, (min-width: 732px) 580px, (min-width: 640px) 732px, \" \/><\/a><\/div><\/div><div class=\"clearfix\"><\/div><div style=\"padding:5px;\" class=\"fusion-grid-column fusion-gallery-column fusion-gallery-column-3 hover-type-none\"><div class=\"fusion-gallery-image\"><a href=\"https:\/\/breitenstrasse.ch\/wp-content\/uploads\/2025\/11\/Breitenstrasse_DG-02_01-scaled.jpg\" rel=\"noreferrer\" data-rel=\"iLightbox[gallery_image_1]\" class=\"fusion-lightbox\" target=\"_self\"><img decoding=\"async\" src=\"https:\/\/breitenstrasse.ch\/wp-content\/uploads\/2025\/11\/Breitenstrasse_DG-02_01-scaled.jpg\" data-orig-src=\"https:\/\/breitenstrasse.ch\/wp-content\/uploads\/2025\/11\/Breitenstrasse_DG-02_01-scaled.jpg\" width=\"2560\" height=\"1707\" alt=\"\" title=\"Breitenstrasse_DG-02_01\" aria-label=\"Breitenstrasse_DG-02_01\" class=\"lazyload img-responsive wp-image-5412\" srcset=\"data:image\/svg+xml,%3Csvg%20xmlns%3D%27http%3A%2F%2Fwww.w3.org%2F2000%2Fsvg%27%20width%3D%272560%27%20height%3D%271707%27%20viewBox%3D%270%200%202560%201707%27%3E%3Crect%20width%3D%272560%27%20height%3D%271707%27%20fill-opacity%3D%220%22%2F%3E%3C%2Fsvg%3E\" data-srcset=\"https:\/\/breitenstrasse.ch\/wp-content\/uploads\/2025\/11\/Breitenstrasse_DG-02_01-200x133.jpg 200w, https:\/\/breitenstrasse.ch\/wp-content\/uploads\/2025\/11\/Breitenstrasse_DG-02_01-400x267.jpg 400w, https:\/\/breitenstrasse.ch\/wp-content\/uploads\/2025\/11\/Breitenstrasse_DG-02_01-600x400.jpg 600w, https:\/\/breitenstrasse.ch\/wp-content\/uploads\/2025\/11\/Breitenstrasse_DG-02_01-800x533.jpg 800w, https:\/\/breitenstrasse.ch\/wp-content\/uploads\/2025\/11\/Breitenstrasse_DG-02_01-1200x800.jpg 1200w, https:\/\/breitenstrasse.ch\/wp-content\/uploads\/2025\/11\/Breitenstrasse_DG-02_01-scaled.jpg 2560w\" data-sizes=\"auto\" data-orig-sizes=\"(min-width: 2200px) 100vw, (min-width: 824px) 387px, (min-width: 732px) 580px, (min-width: 640px) 732px, \" \/><\/a><\/div><\/div><div style=\"padding:5px;\" class=\"fusion-grid-column fusion-gallery-column fusion-gallery-column-3 hover-type-none\"><div class=\"fusion-gallery-image\"><a href=\"https:\/\/breitenstrasse.ch\/wp-content\/uploads\/2025\/11\/Breitenstrasse_OG-01_01-scaled.jpg\" rel=\"noreferrer\" data-rel=\"iLightbox[gallery_image_1]\" class=\"fusion-lightbox\" target=\"_self\"><img decoding=\"async\" src=\"https:\/\/breitenstrasse.ch\/wp-content\/uploads\/2025\/11\/Breitenstrasse_OG-01_01-scaled.jpg\" data-orig-src=\"https:\/\/breitenstrasse.ch\/wp-content\/uploads\/2025\/11\/Breitenstrasse_OG-01_01-scaled.jpg\" width=\"2560\" height=\"1707\" alt=\"\" title=\"Breitenstrasse_OG-01_01\" aria-label=\"Breitenstrasse_OG-01_01\" class=\"lazyload img-responsive wp-image-5411\" srcset=\"data:image\/svg+xml,%3Csvg%20xmlns%3D%27http%3A%2F%2Fwww.w3.org%2F2000%2Fsvg%27%20width%3D%272560%27%20height%3D%271707%27%20viewBox%3D%270%200%202560%201707%27%3E%3Crect%20width%3D%272560%27%20height%3D%271707%27%20fill-opacity%3D%220%22%2F%3E%3C%2Fsvg%3E\" data-srcset=\"https:\/\/breitenstrasse.ch\/wp-content\/uploads\/2025\/11\/Breitenstrasse_OG-01_01-200x133.jpg 200w, https:\/\/breitenstrasse.ch\/wp-content\/uploads\/2025\/11\/Breitenstrasse_OG-01_01-400x267.jpg 400w, https:\/\/breitenstrasse.ch\/wp-content\/uploads\/2025\/11\/Breitenstrasse_OG-01_01-600x400.jpg 600w, https:\/\/breitenstrasse.ch\/wp-content\/uploads\/2025\/11\/Breitenstrasse_OG-01_01-800x533.jpg 800w, https:\/\/breitenstrasse.ch\/wp-content\/uploads\/2025\/11\/Breitenstrasse_OG-01_01-1200x800.jpg 1200w, https:\/\/breitenstrasse.ch\/wp-content\/uploads\/2025\/11\/Breitenstrasse_OG-01_01-scaled.jpg 2560w\" data-sizes=\"auto\" data-orig-sizes=\"(min-width: 2200px) 100vw, (min-width: 824px) 387px, (min-width: 732px) 580px, (min-width: 640px) 732px, \" \/><\/a><\/div><\/div><\/div><\/div><\/div><\/div><\/div><\/div><\/p>\n","protected":false},"excerpt":{"rendered":"","protected":false},"author":1,"featured_media":5311,"parent":0,"menu_order":0,"comment_status":"closed","ping_status":"closed","template":"100-width.php","meta":{"footnotes":""},"class_list":["post-4138","page","type-page","status-publish","has-post-thumbnail","hentry"],"_links":{"self":[{"href":"https:\/\/breitenstrasse.ch\/index.php?rest_route=\/wp\/v2\/pages\/4138","targetHints":{"allow":["GET"]}}],"collection":[{"href":"https:\/\/breitenstrasse.ch\/index.php?rest_route=\/wp\/v2\/pages"}],"about":[{"href":"https:\/\/breitenstrasse.ch\/index.php?rest_route=\/wp\/v2\/types\/page"}],"author":[{"embeddable":true,"href":"https:\/\/breitenstrasse.ch\/index.php?rest_route=\/wp\/v2\/users\/1"}],"replies":[{"embeddable":true,"href":"https:\/\/breitenstrasse.ch\/index.php?rest_route=%2Fwp%2Fv2%2Fcomments&post=4138"}],"version-history":[{"count":16,"href":"https:\/\/breitenstrasse.ch\/index.php?rest_route=\/wp\/v2\/pages\/4138\/revisions"}],"predecessor-version":[{"id":5688,"href":"https:\/\/breitenstrasse.ch\/index.php?rest_route=\/wp\/v2\/pages\/4138\/revisions\/5688"}],"wp:featuredmedia":[{"embeddable":true,"href":"https:\/\/breitenstrasse.ch\/index.php?rest_route=\/wp\/v2\/media\/5311"}],"wp:attachment":[{"href":"https:\/\/breitenstrasse.ch\/index.php?rest_route=%2Fwp%2Fv2%2Fmedia&parent=4138"}],"curies":[{"name":"wp","href":"https:\/\/api.w.org\/{rel}","templated":true}]}}